{"id":277463,"date":"2025-05-13T22:49:02","date_gmt":"2025-05-13T20:49:02","guid":{"rendered":"https:\/\/biafax.it\/termini-e-condizioni\/"},"modified":"2025-05-13T22:49:05","modified_gmt":"2025-05-13T20:49:05","slug":"termini-e-condizioni","status":"publish","type":"page","link":"https:\/\/biafax.it\/it\/termini-e-condizioni\/","title":{"rendered":"Termini e condizioni"},"content":{"rendered":"\n<!-- This legal document was generated by Complianz Terms &amp; Conditions https:\/\/wordpress.org\/plugins\/complianz-terms-conditions -->\n<div id=\"cmplz-document\" class=\"cmplz-document cmplz-terms-conditions \"><p><i>I termini e le condizioni sono stati aggiornati l&#8217;ultima volta il 13 Maggio 2025<\/i><\/p><h2>1. Introduzione<\/h2><p>Questi Termini e Condizioni si applicano a questo sito web e alle transazioni relative ai nostri prodotti e servizi.&nbsp;Pu\u00f2 essere vincolato da ulteriori contratti relativi alla tua relazione con noi o a qualsiasi prodotto o servizio che ricevi da noi.&nbsp;Se qualsiasi disposizione dei contratti aggiuntivi \u00e8 in conflitto con qualsiasi disposizione di questi Termini, le disposizioni di questi contratti aggiuntivi controlleranno e prevarranno.<\/p><h2>2. Vincolo<\/h2><p>Registrandosi, accedendo o utilizzando in altro modo questo sito web, l&#8217;utente accetta di essere vincolato da questi Termini e condizioni di seguito riportati.&nbsp;Il semplice uso di questo sito web implica la conoscenza e l&#8217;accettazione di questi termini e condizioni.&nbsp;In alcuni casi particolari, possiamo anche chiederle di acconsentire esplicitamente.<\/p><h2>3. Comunicazione elettronica<\/h2><p>Utilizzando questo sito web o comunicando con noi per via elettronica, lei accetta e riconosce che possiamo comunicare con lei elettronicamente sul nostro sito web o inviandole un&#8217;e-mail, e accetta che tutti gli accordi, gli avvisi, le divulgazioni e le altre comunicazioni che le forniamo elettronicamente soddisfino qualsiasi requisito legale, incluso ma non limitato al requisito che tali comunicazioni debbano essere in forma scritta.<\/p><h2>4. Propriet\u00e0 intellettuale<\/h2><p>Noi o i nostri licenziatari possediamo e controlliamo tutti i diritti d&#8217;autore e gli altri diritti di propriet\u00e0 intellettuale del sito web e i dati, le informazioni e le altre risorse visualizzate o accessibili all&#8217;interno del sito web.<\/p><p class=\"cmplz-subtitle\">4.1 Creative Commons<\/p><p>Il contenuto di questo sito web \u00e8 disponibile sotto una licenza Creative commons &#8211; Attribuzione, se non diversamente specificato.<\/p><h2>5. Newsletter<\/h2><p>Nonostante quanto sopra, \u00e8 possibile inoltrare la nostra newsletter in forma elettronica ad altre persone che potrebbero essere interessate a visitare il nostro sito web.<\/p><h2>6. Propriet\u00e0 di terzi<\/h2><p>Il nostro sito web pu\u00f2 includere collegamenti ipertestuali o altri riferimenti a siti web di altre parti.&nbsp;Non controlliamo o rivediamo il contenuto dei siti web di altre parti che sono collegati a questo sito web.&nbsp;I prodotti o i servizi offerti da altri siti web sono soggetti ai Termini e Condizioni applicabili di queste terze parti.&nbsp;Le opinioni espresse o il materiale che appare su questi siti web non sono necessariamente condivise o approvate da noi.<\/p><p>Non saremo responsabili delle pratiche di privacy o del contenuto di questi siti.&nbsp;Lei sopporta tutti i rischi associati all&#8217;uso di questi siti web e di qualsiasi servizio di terzi collegato.&nbsp;Non accetteremo alcuna responsabilit\u00e0 per eventuali perdite o danni in qualsiasi modo, comunque causati, derivanti dalla vostra divulgazione a terzi di informazioni personali.<\/p><h2>7. Utilizzo responsabile<\/h2><p>Visitando il nostro sito web, l&#8217;utente accetta di utilizzarlo solo per gli scopi previsti e come consentito da queste Condizioni, da qualsiasi contratto aggiuntivo con noi, e dalle leggi e dai regolamenti applicabili, nonch\u00e9 dalle pratiche online generalmente accettate e dalle linee guida del settore.&nbsp;Non pu\u00f2 utilizzare il nostro sito web o i nostri servizi per utilizzare, pubblicare o distribuire qualsiasi materiale che consiste in (o \u00e8 collegato a) software per computer dannosi; utilizzare i dati raccolti dal nostro sito web per qualsiasi attivit\u00e0 di marketing diretto, o condurre qualsiasi attivit\u00e0 di raccolta dati sistematica o automatizzata su o in relazione al nostro sito web.<\/p><p>\u00c8 severamente vietato intraprendere qualsiasi attivit\u00e0 che causi, o possa causare, danni al sito web o che interferisca con le prestazioni, la disponibilit\u00e0 o l&#8217;accessibilit\u00e0 del sito web.<\/p><h2>8. Presentazione di idee<\/h2><p>Non presentare idee, invenzioni, opere d&#8217;autore o altre informazioni che possono essere considerate propriet\u00e0 intellettuale propria che vorresti presentarci, a meno che non abbiamo prima firmato un accordo sulla propriet\u00e0 intellettuale o un accordo di non divulgazione.&nbsp;Se ce lo riveli in assenza di tale accordo scritto, ci concedi una licenza mondiale, irrevocabile, non esclusiva, priva di royalty per utilizzare, riprodurre, memorizzare, adattare, pubblicare, tradurre e distribuire il tuo contenuto in qualsiasi media esistente o futuro.<\/p><h2>9. Cessazione dell&#039;uso<\/h2><p>Possiamo, a nostra sola discrezione, in qualsiasi momento modificare o interrompere l&#8217;accesso, temporaneamente o permanentemente, al sito web o a qualsiasi servizio su di esso.&nbsp;Lei accetta che non saremo responsabili nei Suoi confronti o nei confronti di terzi per qualsiasi modifica, sospensione o interruzione del Suo accesso o uso del sito web o di qualsiasi contenuto che Lei possa aver condiviso sul sito web.&nbsp;Non avr\u00e0 diritto ad alcun indennizzo o altro pagamento, anche se alcune caratteristiche, impostazioni, e\/o qualsiasi Contenuto che lei ha contribuito o su cui ha fatto affidamento, sono permanentemente persi.&nbsp;Non pu\u00f2 eludere o bypassare, o tentare di eludere o bypassare, qualsiasi misura di restrizione di accesso sul nostro sito web.<\/p><h2>10. Garanzie e responsabilit\u00e0<\/h2><p>Niente in questa sezione limiter\u00e0 o escluder\u00e0 qualsiasi garanzia implicita per legge che sarebbe illegale limitare o escludere.&nbsp;Questo sito web e tutti i contenuti del sito web sono forniti su una base &#8221; cos\u00ec com&#8217;\u00e8 &#8221; e &#8221; come disponibile &#8221; e possono includere imprecisioni o errori tipografici.&nbsp;Decliniamo espressamente tutte le garanzie di qualsiasi tipo, sia espresse che implicite, per quanto riguarda la disponibilit\u00e0, l&#8217;accuratezza o la completezza del Contenuto.&nbsp;Non garantiamo che:<\/p><p><ul>\n                    <li>questo sito web o i nostri contenuti soddisfino le vostre esigenze;<\/li>\n                    <li>questo sito web sar\u00e0 disponibile in modo ininterrotto, tempestivo, sicuro o senza errori<\/li>\n        <\/ul><\/p><p>Nulla di questo sito web costituisce o \u00e8 destinato a costituire una consulenza legale, finanziaria o medica di qualsiasi tipo.&nbsp;Se avete bisogno di consigli dovreste consultare un professionista appropriato.<\/p><p>Le seguenti disposizioni di questa sezione si applicheranno nella misura massima consentita dalla legge applicabile e non limiteranno o escluderanno la nostra responsabilit\u00e0 in relazione a qualsiasi questione che sarebbe illegale o illegale per noi limitare o escludere la nostra responsabilit\u00e0.&nbsp;In nessun caso saremo responsabili per qualsiasi danno diretto o indiretto (compresi i danni per la perdita di profitti o entrate, perdita o corruzione di dati, software o database, o perdita o danno alla propriet\u00e0 o ai dati) sostenuti da voi o da qualsiasi terza parte, derivanti dal vostro accesso o uso del nostro sito web.<\/p><p>Tranne nella misura in cui qualsiasi contratto aggiuntivo dichiara espressamente il contrario, la nostra massima responsabilit\u00e0 nei vostri confronti per tutti i danni derivanti da o relativi al sito web o a qualsiasi prodotto e servizio commercializzato o venduto attraverso il sito web, indipendentemente dalla forma di azione legale che impone la responsabilit\u00e0 (sia nel contratto, equit\u00e0, negligenza, condotta intenzionale, torto o altro) sar\u00e0 limitata al prezzo totale che avete pagato a noi per acquistare tali prodotti o servizi o utilizzare il sito web.&nbsp;Tale limite si applicher\u00e0 nel complesso a tutti i vostri reclami, azioni e cause di azione di ogni tipo e natura.<\/p><h2>11. Privacy<\/h2><p>Per accedere al nostro sito web e\/o ai nostri servizi, ti pu\u00f2 essere richiesto di fornire alcune informazioni su di te come parte del processo di registrazione.&nbsp;L&#8217;utente accetta che qualsiasi informazione fornita sia sempre accurata, corretta e aggiornata.<\/p><p>Abbiamo sviluppato una politica per affrontare qualsiasi preoccupazione sulla privacy che potresti avere.&nbsp;For more information, please see our <a href=\"https:\/\/biafax.it\/privacy-e-cookies\/\">Privacy Statement<\/a> and our <a href=\"https:\/\/biafax.it\/privacy-e-cookies\/\">Cookie Policy<\/a>.<\/p><h2>12. Restrizioni all&#039;esportazione \/ Conformit\u00e0 legale<\/h2><p>L&#8217;accesso al sito web da territori o paesi in cui il Contenuto o l&#8217;acquisto di prodotti o Servizi venduti sul sito web \u00e8 illegale \u00e8 proibito.&nbsp;Non pu\u00f2 utilizzare questo sito web in violazione delle leggi e dei regolamenti sull&#8217;esportazione di Italia.<\/p><h2>13. Assegnazione<\/h2><p>Non pu\u00f2 assegnare, trasferire o subappaltare nessuno dei Suoi diritti e\/o obblighi ai sensi di questi Termini e condizioni, in tutto o in parte, a terzi senza il nostro previo consenso scritto.&nbsp;Qualsiasi presunta assegnazione in violazione di questa Sezione sar\u00e0 nulla.<\/p><h2>14. Violazioni di questi termini e condizioni<\/h2><p>Senza pregiudicare gli altri nostri diritti ai sensi di questi Termini e Condizioni, se l&#8217;utente viola questi Termini e Condizioni in qualsiasi modo, possiamo intraprendere le azioni che riteniamo appropriate per affrontare la violazione, compresa la sospensione temporanea o permanente del suo accesso al sito web, contattando il suo provider di servizi Internet per richiedere che blocchi il suo accesso al sito web, e\/o avviare un&#8217;azione legale contro l&#8217;utente.<\/p><h2>15. Forza maggiore<\/h2><p>Fatta eccezione per gli obblighi di pagare denaro, nessun ritardo, fallimento o omissione da parte di una delle parti di eseguire o osservare uno qualsiasi dei suoi obblighi ai sensi del presente documento sar\u00e0 considerato una violazione di questi Termini e condizioni se e per tutto il tempo in cui tale ritardo, fallimento o omissione deriva da qualsiasi causa al di fuori del ragionevole controllo di quella parte.<\/p><h2>16. Indennizzo<\/h2><p>Lei accetta di indennizzare, difendere e manlevare noi, da e contro qualsiasi reclamo, responsabilit\u00e0, danni, perdite e spese, relative alla sua violazione di questi termini e condizioni, e le leggi applicabili, compresi i diritti di propriet\u00e0 intellettuale e diritti di privacy.&nbsp;Ci rimborser\u00e0 prontamente per i nostri danni, perdite, costi e spese relativi a o derivanti da tali reclami.<\/p><h2>17. Rinuncia<\/h2><p>La mancata applicazione di una qualsiasi delle disposizioni stabilite in questi Termini e Condizioni e in qualsiasi Accordo, o il mancato esercizio di qualsiasi opzione di rescissione, non deve essere interpretata come una rinuncia a tali disposizioni e non pregiudica la validit\u00e0 di questi Termini e Condizioni o di qualsiasi Accordo o parte di esso, o il diritto successivo di applicare ogni singola disposizione.<\/p><h2>18. Lingua<\/h2><p>Questi Termini e Condizioni saranno interpretati e intesi esclusivamente in Italiano.&nbsp;Tutti gli avvisi e la corrispondenza saranno scritti esclusivamente in quella lingua.<\/p><h2>19. Accordo integrale<\/h2><p>These Terms and Conditions, together with our <a href=\"https:\/\/biafax.it\/privacy-e-cookies\/\">privacy statement<\/a> and <a href=\"https:\/\/biafax.it\/privacy-e-cookies\/\">cookie policy<\/a>, constitute the entire agreement between you and Domenico Bianco in relation to your use of this website.<\/p><h2>20. Aggiornamento di questi termini e condizioni<\/h2><p>Possiamo aggiornare questi Termini e Condizioni di volta in volta.&nbsp;La data indicata all&#8217;inizio di questi Termini e Condizioni \u00e8 l&#8217;ultima data di revisione.&nbsp;Vi daremo un avviso scritto di qualsiasi modifica o aggiornamento, e i Termini e Condizioni rivisti diventeranno effettivi dalla data in cui vi daremo tale avviso.&nbsp;L&#8217;uso continuato di questo sito web in seguito alla pubblicazione di modifiche o aggiornamenti sar\u00e0 considerato come una notifica della vostra accettazione di rispettare e di essere vincolati da questi Termini e Condizioni.&nbsp;Per richiedere una versione precedente di questi termini e condizioni, contattateci.<\/p><h2>21. Scelta della legge e della giurisdizione<\/h2><p>Questi Termini e Condizioni sono regolati dalle leggi di Italia.&nbsp;Qualsiasi controversia relativa ai presenti Termini e Condizioni sar\u00e0 soggetta alla giurisdizione dei tribunali di Italia.&nbsp;Se una qualsiasi parte o disposizione di questi Termini e Condizioni \u00e8 ritenuta da un tribunale o da un&#8217;altra autorit\u00e0 non valida e\/o inapplicabile ai sensi della legge applicabile, tale parte o disposizione sar\u00e0 modificata, eliminata e\/o applicata nella misura massima consentita in modo da dare effetto all&#8217;intento di questi Termini e Condizioni.&nbsp;Le altre disposizioni non saranno interessate.<\/p><h2>22. Informazioni di contatto<\/h2><p>Questo sito web \u00e8 di propriet\u00e0 e gestito da Domenico Bianco.<\/p><p>Puoi contattarci in merito a questi Termini e Condizioni scrivendoci o inviandoci un&#8217;e-mail al seguente indirizzo: i&#110;fo&#064;b&#105;a&#102;&#097;&#120;.it<br>Via Einaudi 11<br \/>\r\n42122 Reggio Emilia (RE), Italia<\/p><h2>23. Scarica<\/h2><p>You can also <a href=\"https:\/\/biafax.it\/wp-content\/plugins\/complianz-terms-conditions\/download.php\">download<\/a> our Terms and Conditions as a PDF.<\/p><\/div>","protected":false},"excerpt":{"rendered":"","protected":false},"author":1,"featured_media":0,"parent":0,"menu_order":0,"comment_status":"closed","ping_status":"closed","template":"","meta":{"footnotes":""},"class_list":["post-277463","page","type-page","status-publish"],"yoast_head":"<!-- This site is optimized with the Yoast SEO Premium plugin v26.9 (Yoast SEO v27.3) - https:\/\/yoast.com\/product\/yoast-seo-premium-wordpress\/ -->\n<title>Termini e condizioni - BIAFAX.IT<\/title>\n<meta name=\"robots\" content=\"index, follow, max-snippet:-1, max-image-preview:large, max-video-preview:-1\" \/>\n<link rel=\"canonical\" href=\"https:\/\/biafax.it\/it\/termini-e-condizioni\/\" \/>\n<meta property=\"og:locale\" content=\"it_IT\" \/>\n<meta property=\"og:type\" content=\"article\" \/>\n<meta property=\"og:title\" content=\"Termini e condizioni\" \/>\n<meta property=\"og:url\" content=\"https:\/\/biafax.it\/it\/termini-e-condizioni\/\" \/>\n<meta property=\"og:site_name\" content=\"BIAFAX.IT\" \/>\n<meta property=\"article:publisher\" content=\"https:\/\/www.facebook.com\/mimmo.biafax\" \/>\n<meta property=\"article:modified_time\" content=\"2025-05-13T20:49:05+00:00\" \/>\n<meta property=\"og:image\" content=\"https:\/\/i0.wp.com\/biafax.it\/wp-content\/uploads\/2025\/05\/logo.png?fit=379%2C187&ssl=1\" \/>\n\t<meta property=\"og:image:width\" content=\"379\" \/>\n\t<meta property=\"og:image:height\" content=\"187\" \/>\n\t<meta property=\"og:image:type\" content=\"image\/png\" \/>\n<meta name=\"twitter:card\" content=\"summary_large_image\" \/>\n<script type=\"application\/ld+json\" class=\"yoast-schema-graph\">{\"@context\":\"https:\\\/\\\/schema.org\",\"@graph\":[{\"@type\":\"WebPage\",\"@id\":\"https:\\\/\\\/biafax.it\\\/en\\\/termini-e-condizioni\\\/\",\"url\":\"https:\\\/\\\/biafax.it\\\/en\\\/termini-e-condizioni\\\/\",\"name\":\"Termini e condizioni - BIAFAX.IT\",\"isPartOf\":{\"@id\":\"https:\\\/\\\/biafax.it\\\/it\\\/#website\"},\"datePublished\":\"2025-05-13T20:49:02+00:00\",\"dateModified\":\"2025-05-13T20:49:05+00:00\",\"breadcrumb\":{\"@id\":\"https:\\\/\\\/biafax.it\\\/en\\\/termini-e-condizioni\\\/#breadcrumb\"},\"inLanguage\":\"it-IT\",\"potentialAction\":[{\"@type\":\"ReadAction\",\"target\":[\"https:\\\/\\\/biafax.it\\\/en\\\/termini-e-condizioni\\\/\"]}]},{\"@type\":\"BreadcrumbList\",\"@id\":\"https:\\\/\\\/biafax.it\\\/en\\\/termini-e-condizioni\\\/#breadcrumb\",\"itemListElement\":[{\"@type\":\"ListItem\",\"position\":1,\"name\":\"Home\",\"item\":\"https:\\\/\\\/biafax.it\\\/en\\\/\"},{\"@type\":\"ListItem\",\"position\":2,\"name\":\"Termini e condizioni\"}]},{\"@type\":\"WebSite\",\"@id\":\"https:\\\/\\\/biafax.it\\\/it\\\/#website\",\"url\":\"https:\\\/\\\/biafax.it\\\/it\\\/\",\"name\":\"BIAFAX.IT\",\"description\":\"Mimmo&#039;s (not a luthier) Handmade Guitars | biafax.it\",\"publisher\":{\"@id\":\"https:\\\/\\\/biafax.it\\\/it\\\/#\\\/schema\\\/person\\\/d20b0782394ac403fa04f497d76d3424\"},\"potentialAction\":[{\"@type\":\"SearchAction\",\"target\":{\"@type\":\"EntryPoint\",\"urlTemplate\":\"https:\\\/\\\/biafax.it\\\/it\\\/?s={search_term_string}\"},\"query-input\":{\"@type\":\"PropertyValueSpecification\",\"valueRequired\":true,\"valueName\":\"search_term_string\"}}],\"inLanguage\":\"it-IT\"},{\"@type\":[\"Person\",\"Organization\"],\"@id\":\"https:\\\/\\\/biafax.it\\\/it\\\/#\\\/schema\\\/person\\\/d20b0782394ac403fa04f497d76d3424\",\"name\":\"Mimmo\",\"image\":{\"@type\":\"ImageObject\",\"inLanguage\":\"it-IT\",\"@id\":\"https:\\\/\\\/i0.wp.com\\\/biafax.it\\\/wp-content\\\/uploads\\\/2025\\\/05\\\/logo800X580.jpg?fit=800%2C580&ssl=1\",\"url\":\"https:\\\/\\\/i0.wp.com\\\/biafax.it\\\/wp-content\\\/uploads\\\/2025\\\/05\\\/logo800X580.jpg?fit=800%2C580&ssl=1\",\"contentUrl\":\"https:\\\/\\\/i0.wp.com\\\/biafax.it\\\/wp-content\\\/uploads\\\/2025\\\/05\\\/logo800X580.jpg?fit=800%2C580&ssl=1\",\"width\":800,\"height\":580,\"caption\":\"Mimmo\"},\"logo\":{\"@id\":\"https:\\\/\\\/i0.wp.com\\\/biafax.it\\\/wp-content\\\/uploads\\\/2025\\\/05\\\/logo800X580.jpg?fit=800%2C580&ssl=1\"},\"sameAs\":[\"https:\\\/\\\/biafax.it\",\"https:\\\/\\\/www.facebook.com\\\/mimmo.biafax\",\"https:\\\/\\\/www.instagram.com\\\/mimmobiafax_guitars\"],\"knowsLanguage\":[\"italiano\"],\"publishingPrinciples\":\"https:\\\/\\\/biafax.it\\\/en\\\/termini-e-condizioni\\\/\",\"ethicsPolicy\":\"https:\\\/\\\/biafax.it\\\/en\\\/termini-e-condizioni\\\/\"}]}<\/script>\n<!-- \/ Yoast SEO Premium plugin. -->","yoast_head_json":{"title":"Termini e condizioni - BIAFAX.IT","robots":{"index":"index","follow":"follow","max-snippet":"max-snippet:-1","max-image-preview":"max-image-preview:large","max-video-preview":"max-video-preview:-1"},"canonical":"https:\/\/biafax.it\/it\/termini-e-condizioni\/","og_locale":"it_IT","og_type":"article","og_title":"Termini e condizioni","og_url":"https:\/\/biafax.it\/it\/termini-e-condizioni\/","og_site_name":"BIAFAX.IT","article_publisher":"https:\/\/www.facebook.com\/mimmo.biafax","article_modified_time":"2025-05-13T20:49:05+00:00","og_image":[{"width":379,"height":187,"url":"https:\/\/i0.wp.com\/biafax.it\/wp-content\/uploads\/2025\/05\/logo.png?fit=379%2C187&ssl=1","type":"image\/png"}],"twitter_card":"summary_large_image","schema":{"@context":"https:\/\/schema.org","@graph":[{"@type":"WebPage","@id":"https:\/\/biafax.it\/en\/termini-e-condizioni\/","url":"https:\/\/biafax.it\/en\/termini-e-condizioni\/","name":"Termini e condizioni - BIAFAX.IT","isPartOf":{"@id":"https:\/\/biafax.it\/it\/#website"},"datePublished":"2025-05-13T20:49:02+00:00","dateModified":"2025-05-13T20:49:05+00:00","breadcrumb":{"@id":"https:\/\/biafax.it\/en\/termini-e-condizioni\/#breadcrumb"},"inLanguage":"it-IT","potentialAction":[{"@type":"ReadAction","target":["https:\/\/biafax.it\/en\/termini-e-condizioni\/"]}]},{"@type":"BreadcrumbList","@id":"https:\/\/biafax.it\/en\/termini-e-condizioni\/#breadcrumb","itemListElement":[{"@type":"ListItem","position":1,"name":"Home","item":"https:\/\/biafax.it\/en\/"},{"@type":"ListItem","position":2,"name":"Termini e condizioni"}]},{"@type":"WebSite","@id":"https:\/\/biafax.it\/it\/#website","url":"https:\/\/biafax.it\/it\/","name":"BIAFAX.IT","description":"Mimmo&#039;s (not a luthier) Handmade Guitars | biafax.it","publisher":{"@id":"https:\/\/biafax.it\/it\/#\/schema\/person\/d20b0782394ac403fa04f497d76d3424"},"potentialAction":[{"@type":"SearchAction","target":{"@type":"EntryPoint","urlTemplate":"https:\/\/biafax.it\/it\/?s={search_term_string}"},"query-input":{"@type":"PropertyValueSpecification","valueRequired":true,"valueName":"search_term_string"}}],"inLanguage":"it-IT"},{"@type":["Person","Organization"],"@id":"https:\/\/biafax.it\/it\/#\/schema\/person\/d20b0782394ac403fa04f497d76d3424","name":"Mimmo","image":{"@type":"ImageObject","inLanguage":"it-IT","@id":"https:\/\/i0.wp.com\/biafax.it\/wp-content\/uploads\/2025\/05\/logo800X580.jpg?fit=800%2C580&ssl=1","url":"https:\/\/i0.wp.com\/biafax.it\/wp-content\/uploads\/2025\/05\/logo800X580.jpg?fit=800%2C580&ssl=1","contentUrl":"https:\/\/i0.wp.com\/biafax.it\/wp-content\/uploads\/2025\/05\/logo800X580.jpg?fit=800%2C580&ssl=1","width":800,"height":580,"caption":"Mimmo"},"logo":{"@id":"https:\/\/i0.wp.com\/biafax.it\/wp-content\/uploads\/2025\/05\/logo800X580.jpg?fit=800%2C580&ssl=1"},"sameAs":["https:\/\/biafax.it","https:\/\/www.facebook.com\/mimmo.biafax","https:\/\/www.instagram.com\/mimmobiafax_guitars"],"knowsLanguage":["italiano"],"publishingPrinciples":"https:\/\/biafax.it\/en\/termini-e-condizioni\/","ethicsPolicy":"https:\/\/biafax.it\/en\/termini-e-condizioni\/"}]}},"jetpack_likes_enabled":true,"jetpack_sharing_enabled":true,"jetpack_shortlink":"https:\/\/wp.me\/P7vwa6-1abd","jetpack-related-posts":[],"_links":{"self":[{"href":"https:\/\/biafax.it\/it\/wp-json\/wp\/v2\/pages\/277463","targetHints":{"allow":["GET"]}}],"collection":[{"href":"https:\/\/biafax.it\/it\/wp-json\/wp\/v2\/pages"}],"about":[{"href":"https:\/\/biafax.it\/it\/wp-json\/wp\/v2\/types\/page"}],"author":[{"embeddable":true,"href":"https:\/\/biafax.it\/it\/wp-json\/wp\/v2\/users\/1"}],"replies":[{"embeddable":true,"href":"https:\/\/biafax.it\/it\/wp-json\/wp\/v2\/comments?post=277463"}],"version-history":[{"count":0,"href":"https:\/\/biafax.it\/it\/wp-json\/wp\/v2\/pages\/277463\/revisions"}],"wp:attachment":[{"href":"https:\/\/biafax.it\/it\/wp-json\/wp\/v2\/media?parent=277463"}],"curies":[{"name":"wp","href":"https:\/\/api.w.org\/{rel}","templated":true}]}}